{"id":337,"date":"2026-02-04T00:22:16","date_gmt":"2026-02-04T04:22:16","guid":{"rendered":"https:\/\/rds-persian.ca\/?page_id=337"},"modified":"2026-02-24T21:56:29","modified_gmt":"2026-02-25T02:56:29","slug":"gallery","status":"publish","type":"page","link":"https:\/\/rds-persian.ca\/fr\/gallery\/","title":{"rendered":"Galerie"},"content":{"rendered":"<p>[et_pb_section fb_built=&#8221;1&#8243; admin_label=&#8221;Gallery&#8221; _builder_version=&#8221;4.17.4&#8243; _module_preset=&#8221;default&#8221; background_color=&#8221;gcid-834db33f-400f-4068-917d-2de62be3172e&#8221; use_background_color_gradient=&#8221;on&#8221; background_color_gradient_direction=&#8221;90deg&#8221; background_color_gradient_stops=&#8221;rgba(255,255,255,0) 60%|gcid-2a386b1e-9149-40c6-b24d-5e9fedecf039 60%&#8221; max_width=&#8221;100%&#8221; background_last_edited=&#8221;on|desktop&#8221; use_background_color_gradient_tablet=&#8221;on&#8221; use_background_color_gradient_phone=&#8221;on&#8221; background_color_gradient_direction_tablet=&#8221;180deg&#8221; background_color_gradient_stops_tablet=&#8221;rgba(255,255,255,0) 60%|gcid-2a386b1e-9149-40c6-b24d-5e9fedecf039 60%&#8221; background_color_gradient_stops_phone=&#8221;rgba(255,255,255,0) 60%|gcid-2a386b1e-9149-40c6-b24d-5e9fedecf039 60%&#8221; locked=&#8221;off&#8221; collapsed=&#8221;on&#8221; global_colors_info=&#8221;{%22gcid-834db33f-400f-4068-917d-2de62be3172e%22:%91%22background_color%22%93}&#8221;][et_pb_row _builder_version=&#8221;4.17.6&#8243; _module_preset=&#8221;5138c454-be54-4233-bd3b-f8e6a8747976&#8243; locked=&#8221;off&#8221; global_colors_info=&#8221;{}&#8221;][et_pb_column type=&#8221;4_4&#8243; _builder_version=&#8221;4.17.4&#8243; _module_preset=&#8221;73121f80-a3ef-4484-8763-c3f18e3c56d2&#8243; global_colors_info=&#8221;{}&#8221;][et_pb_heading title=&#8221;\u0646\u06af\u0627\u0647\u06cc \u0628\u0647 \u0644\u062d\u0638\u0627\u062a \u0628\u0647 \u06cc\u0627\u062f\u0645\u0627\u0646\u062f\u0646\u06cc&#8221; _builder_version=&#8221;4.27.5&#8243; _module_preset=&#8221;f0c675ea-2574-4d0e-b725-30f8550a8550&#8243; title_level=&#8221;h4&#8243; title_font=&#8221;Proza Libre|Cormorant Garamond_weight||on|||||&#8221; title_text_align=&#8221;center&#8221; title_text_color=&#8221;#03045e&#8221; title_font_size=&#8221;26px&#8221; title_letter_spacing=&#8221;1px&#8221; title_line_height=&#8221;1.4em&#8221; custom_margin=&#8221;||10px||false|false&#8221; title_font_size_tablet=&#8221;13px&#8221; title_font_size_phone=&#8221;13px&#8221; title_font_size_last_edited=&#8221;on|desktop&#8221; global_colors_info=&#8221;{%22#03045e%22:%91%22title_text_color%22%93}&#8221;][\/et_pb_heading][et_pb_heading title=&#8221;\u06af\u0627\u0644\u0631\u06cc \u062a\u0635\u0627\u0648\u06cc\u0631 \u0645\u062f\u0631\u0633\u0647&#8221; _builder_version=&#8221;4.24.2&#8243; _module_preset=&#8221;c33f07d9-41e0-421a-8799-5799df695cce&#8221; title_level=&#8221;h2&#8243; title_font=&#8221;Cormorant Garamond|Cormorant Garamond_weight|||||||&#8221; title_text_align=&#8221;center&#8221; title_text_color=&#8221;#0e0c19&#8243; title_font_size=&#8221;50px&#8221; title_line_height=&#8221;1.2em&#8221; custom_margin=&#8221;||10px||false|false&#8221; title_font_size_tablet=&#8221;28px&#8221; title_font_size_phone=&#8221;20px&#8221; title_font_size_last_edited=&#8221;on|phone&#8221; global_colors_info=&#8221;{}&#8221;][\/et_pb_heading][\/et_pb_column][\/et_pb_row][et_pb_row _builder_version=&#8221;4.27.5&#8243; _module_preset=&#8221;default&#8221; global_colors_info=&#8221;{}&#8221;][et_pb_column type=&#8221;4_4&#8243; _builder_version=&#8221;4.27.5&#8243; _module_preset=&#8221;default&#8221; global_colors_info=&#8221;{}&#8221;][et_pb_image src=&#8221;https:\/\/rds-persian.ca\/wp-content\/uploads\/2026\/02\/a87aa8aa-5e8f-4411-b0c3-8f98a8894989.jpg&#8221; title_text=&#8221;a87aa8aa-5e8f-4411-b0c3-8f98a8894989&#8243; _builder_version=&#8221;4.27.5&#8243; _module_preset=&#8221;default&#8221; global_colors_info=&#8221;{}&#8221;][\/et_pb_image][et_pb_image src=&#8221;https:\/\/rds-persian.ca\/wp-content\/uploads\/2026\/02\/087b9ce2-c99e-4408-a9c7-a8ddc605c9b8.jpg&#8221; title_text=&#8221;087b9ce2-c99e-4408-a9c7-a8ddc605c9b8&#8243; show_in_lightbox=&#8221;on&#8221; use_overlay=&#8221;on&#8221; overlay_icon_color=&#8221;#0077b6&#8243; _builder_version=&#8221;4.27.5&#8243; _module_preset=&#8221;8249bb47-7bda-4c77-8a37-2a958f7a9826&#8243; border_radii=&#8221;on|6px|6px|6px|6px&#8221; locked=&#8221;off&#8221; global_colors_info=&#8221;{%22#0077b6%22:%91%22overlay_icon_color%22%93}&#8221;][\/et_pb_image][et_pb_image src=&#8221;https:\/\/rds-persian.ca\/wp-content\/uploads\/2026\/02\/feb63c6b-eab6-4e01-b37c-ce40fcb9851a.jpg&#8221; title_text=&#8221;feb63c6b-eab6-4e01-b37c-ce40fcb9851a&#8221; show_in_lightbox=&#8221;on&#8221; use_overlay=&#8221;on&#8221; overlay_icon_color=&#8221;#0077b6&#8243; _builder_version=&#8221;4.27.5&#8243; _module_preset=&#8221;8249bb47-7bda-4c77-8a37-2a958f7a9826&#8243; border_radii=&#8221;on|6px|6px|6px|6px&#8221; locked=&#8221;off&#8221; global_colors_info=&#8221;{%22#0077b6%22:%91%22overlay_icon_color%22%93}&#8221;][\/et_pb_image][et_pb_image src=&#8221;https:\/\/rds-persian.ca\/wp-content\/uploads\/2026\/02\/e4fdc63c-f9b0-4893-9707-e7248f121572.jpg&#8221; title_text=&#8221;e4fdc63c-f9b0-4893-9707-e7248f121572&#8243; show_in_lightbox=&#8221;on&#8221; use_overlay=&#8221;on&#8221; overlay_icon_color=&#8221;#0077b6&#8243; _builder_version=&#8221;4.27.5&#8243; _module_preset=&#8221;8249bb47-7bda-4c77-8a37-2a958f7a9826&#8243; border_radii=&#8221;on|6px|6px|6px|6px&#8221; locked=&#8221;off&#8221; global_colors_info=&#8221;{%22#0077b6%22:%91%22overlay_icon_color%22%93}&#8221;][\/et_pb_image][et_pb_image src=&#8221;https:\/\/rds-persian.ca\/wp-content\/uploads\/2026\/02\/08dbb5ca-0f0e-4e15-8d96-5547ea83c8f5.webp&#8221; title_text=&#8221;08dbb5ca-0f0e-4e15-8d96-5547ea83c8f5.webp&#8221; show_in_lightbox=&#8221;on&#8221; use_overlay=&#8221;on&#8221; overlay_icon_color=&#8221;#0077b6&#8243; _builder_version=&#8221;4.27.5&#8243; _module_preset=&#8221;8249bb47-7bda-4c77-8a37-2a958f7a9826&#8243; border_radii=&#8221;on|6px|6px|6px|6px&#8221; locked=&#8221;off&#8221; global_colors_info=&#8221;{%22#0077b6%22:%91%22overlay_icon_color%22%93}&#8221;][\/et_pb_image][et_pb_image src=&#8221;https:\/\/rds-persian.ca\/wp-content\/uploads\/2026\/02\/96b94981-54e9-424d-8ee6-6d958e3cef79.jpg&#8221; title_text=&#8221;96b94981-54e9-424d-8ee6-6d958e3cef79&#8243; _builder_version=&#8221;4.27.5&#8243; _module_preset=&#8221;default&#8221; global_colors_info=&#8221;{}&#8221;][\/et_pb_image][et_pb_image src=&#8221;https:\/\/rds-persian.ca\/wp-content\/uploads\/2026\/02\/413f9544-9319-412c-ab20-769b6827d17c.webp&#8221; title_text=&#8221;413f9544-9319-412c-ab20-769b6827d17c.webp&#8221; show_in_lightbox=&#8221;on&#8221; use_overlay=&#8221;on&#8221; overlay_icon_color=&#8221;#0077b6&#8243; _builder_version=&#8221;4.27.5&#8243; _module_preset=&#8221;8249bb47-7bda-4c77-8a37-2a958f7a9826&#8243; border_radii=&#8221;on|6px|6px|6px|6px&#8221; locked=&#8221;off&#8221; global_colors_info=&#8221;{%22#0077b6%22:%91%22overlay_icon_color%22%93}&#8221;][\/et_pb_image][et_pb_image src=&#8221;https:\/\/rds-persian.ca\/wp-content\/uploads\/2026\/02\/8356f72d-421e-49a5-b8c3-ba2558127b60.webp&#8221; title_text=&#8221;8356f72d-421e-49a5-b8c3-ba2558127b60.webp&#8221; show_in_lightbox=&#8221;on&#8221; use_overlay=&#8221;on&#8221; overlay_icon_color=&#8221;#0077b6&#8243; _builder_version=&#8221;4.27.5&#8243; _module_preset=&#8221;8249bb47-7bda-4c77-8a37-2a958f7a9826&#8243; border_radii=&#8221;on|6px|6px|6px|6px&#8221; locked=&#8221;off&#8221; global_colors_info=&#8221;{%22#0077b6%22:%91%22overlay_icon_color%22%93}&#8221;][\/et_pb_image][\/et_pb_column][\/et_pb_row][\/et_pb_section][et_pb_section fb_built=&#8221;1&#8243; admin_label=&#8221;Subscribe&#8221; _builder_version=&#8221;4.25.1&#8243; _module_preset=&#8221;default&#8221; background_color=&#8221;gcid-8ad803f4-51cc-4920-8e20-ff572b992ddc&#8221; custom_padding=&#8221;20px||20px||true|false&#8221; collapsed=&#8221;on&#8221; global_colors_info=&#8221;{%22gcid-8ad803f4-51cc-4920-8e20-ff572b992ddc%22:%91%22background_color%22%93}&#8221;][et_pb_row _builder_version=&#8221;4.25.1&#8243; _module_preset=&#8221;default&#8221; global_colors_info=&#8221;{}&#8221;][et_pb_column type=&#8221;4_4&#8243; _builder_version=&#8221;4.25.1&#8243; _module_preset=&#8221;default&#8221; global_colors_info=&#8221;{}&#8221;][et_pb_heading title=&#8221;\u202b\u0641\u0627\u0631\u0633\u06cc \u0628\u06cc\u0627\u0645\u0648\u0632\u06cc\u0645\u061b \u0631\u06cc\u0634\u0647\u200c\u0647\u0627 \u0631\u0627 \u067e\u0627\u0633 \u0628\u062f\u0627\u0631\u06cc\u0645&#8221; _builder_version=&#8221;4.27.4&#8243; _module_preset=&#8221;216bb3e4-f067-4c9f-a2b1-fd29c2ba1ca2&#8243; title_font=&#8221;||||||||&#8221; title_text_align=&#8221;center&#8221; custom_margin=&#8221;||10px||false|false&#8221; locked=&#8221;off&#8221; global_colors_info=&#8221;{}&#8221;][\/et_pb_heading][\/et_pb_column][\/et_pb_row][\/et_pb_section][et_pb_section fb_built=&#8221;1&#8243; admin_label=&#8221;Footer&#8221; _builder_version=&#8221;4.25.1&#8243; _module_preset=&#8221;default&#8221; background_color=&#8221;gcid-530baf18-6aca-4d61-8496-2c5df0e0a0ca&#8221; saved_tabs=&#8221;all&#8221; locked=&#8221;off&#8221; collapsed=&#8221;on&#8221; global_colors_info=&#8221;{%22gcid-530baf18-6aca-4d61-8496-2c5df0e0a0ca%22:%91%22background_color%22%93}&#8221;][et_pb_row _builder_version=&#8221;4.25.1&#8243; _module_preset=&#8221;default&#8221; max_width=&#8221;680px&#8221; module_alignment=&#8221;center&#8221; global_colors_info=&#8221;{}&#8221;][et_pb_column type=&#8221;4_4&#8243; _builder_version=&#8221;4.25.1&#8243; _module_preset=&#8221;default&#8221; global_colors_info=&#8221;{}&#8221;][et_pb_image src=&#8221;https:\/\/rds-persian.ca\/wp-content\/uploads\/2026\/02\/a_background_fff2-12.webp&#8221; alt=&#8221;\u00c9cole de Farsi de la Rive-Sud &#8221; title_text=&#8221;a_background_fff2-12.webp&#8221; _builder_version=&#8221;4.27.5&#8243; _module_preset=&#8221;default&#8221; width=&#8221;29%&#8221; module_alignment=&#8221;center&#8221; global_colors_info=&#8221;{}&#8221;][\/et_pb_image][et_pb_heading title=&#8221;CCISM \u202b     \u0648\u0627\u0628\u0633\u062a\u0647 \u0627\u0646\u062c\u0645\u0646 \u0641\u0631\u0647\u0646\u0643\u06cc \u0627\u064a\u0631\u0627\u0646\u064a\u0627\u0646 \u062c\u0646\u0648\u0628 \u0645\u0648\u0646\u062a\u0631\u0627\u0644&#8221; _builder_version=&#8221;4.27.4&#8243; _module_preset=&#8221;72771100-8ca0-42d6-b7ff-6851e2a097da&#8221; title_font=&#8221;||||||||&#8221; title_text_align=&#8221;center&#8221; title_text_color=&#8221;#FFFFFF&#8221; title_font_size=&#8221;35px&#8221; custom_margin=&#8221;||10px||false|false&#8221; locked=&#8221;off&#8221;][\/et_pb_heading][et_pb_text _builder_version=&#8221;4.27.4&#8243; _module_preset=&#8221;555c4aeb-e47b-4948-81b7-f0fbdfb357e6&#8243; text_font=&#8221;||||||||&#8221; text_text_color=&#8221;gcid-834db33f-400f-4068-917d-2de62be3172e&#8221; text_font_size=&#8221;22px&#8221; link_text_color=&#8221;#8800ff&#8221; header_font=&#8221;||||||||&#8221; header_font_size=&#8221;48px&#8221; text_orientation=&#8221;center&#8221; global_colors_info=&#8221;{%22gcid-secondary-color%22:%91%22link_text_color%22,%22link_text_color%22,%22link_text_color%22,%22link_text_color%22,%22link_text_color%22%93,%22gcid-834db33f-400f-4068-917d-2de62be3172e%22:%91%22text_text_color%22%93}&#8221;]<\/p>\n<p>\u0627\u0637\u0644\u0627\u0639\u0627\u062a \u062a\u0645\u0627\u0633<\/p>\n<p>[\/et_pb_text][et_pb_text _builder_version=&#8221;4.27.4&#8243; _module_preset=&#8221;555c4aeb-e47b-4948-81b7-f0fbdfb357e6&#8243; text_font=&#8221;||||||||&#8221; text_text_color=&#8221;gcid-834db33f-400f-4068-917d-2de62be3172e&#8221; text_font_size=&#8221;22px&#8221; link_text_color=&#8221;#8800ff&#8221; header_font=&#8221;||||||||&#8221; header_font_size=&#8221;48px&#8221; text_orientation=&#8221;center&#8221; link_option_url=&#8221;tel:514-797-6344&#8243; global_colors_info=&#8221;{%22gcid-secondary-color%22:%91%22link_text_color%22,%22link_text_color%22,%22link_text_color%22,%22link_text_color%22,%22link_text_color%22,%22link_text_color%22,%22link_text_color%22,%22link_text_color%22,%22link_text_color%22,%22link_text_color%22%93,%22gcid-834db33f-400f-4068-917d-2de62be3172e%22:%91%22text_text_color%22,%22text_text_color%22%93}&#8221;]<\/p>\n<p><span style=\"color: #ffffff;\">514-797-6344<\/span> :\u0634\u0641\u06cc\u0642\u06cc<\/p>\n<p>[\/et_pb_text][et_pb_text _builder_version=&#8221;4.27.4&#8243; _module_preset=&#8221;555c4aeb-e47b-4948-81b7-f0fbdfb357e6&#8243; text_font=&#8221;||||||||&#8221; text_text_color=&#8221;gcid-834db33f-400f-4068-917d-2de62be3172e&#8221; text_font_size=&#8221;22px&#8221; link_text_color=&#8221;#8800ff&#8221; header_font=&#8221;||||||||&#8221; header_font_size=&#8221;48px&#8221; text_orientation=&#8221;center&#8221; link_option_url=&#8221;tel:514-884-2015&#8243; global_colors_info=&#8221;{%22gcid-secondary-color%22:%91%22link_text_color%22,%22link_text_color%22,%22link_text_color%22,%22link_text_color%22,%22link_text_color%22,%22link_text_color%22,%22link_text_color%22,%22link_text_color%22,%22link_text_color%22,%22link_text_color%22%93,%22gcid-834db33f-400f-4068-917d-2de62be3172e%22:%91%22text_text_color%22,%22text_text_color%22%93}&#8221;]<\/p>\n<p>514-884-2015 :\u0631\u062c\u0628\u06cc<\/p>\n<p>[\/et_pb_text][et_pb_social_media_follow icon_color=&#8221;gcid-880c38f1-a6fc-40a7-920b-f6027d5f269c&#8221; use_icon_font_size=&#8221;on&#8221; icon_font_size=&#8221;32px&#8221; _builder_version=&#8221;4.27.5&#8243; _module_preset=&#8221;default&#8221; text_orientation=&#8221;center&#8221; global_colors_info=&#8221;{%22gcid-880c38f1-a6fc-40a7-920b-f6027d5f269c%22:%91%22icon_color%22%93}&#8221;][et_pb_social_media_follow_network social_network=&#8221;facebook&#8221; url=&#8221;https:\/\/www.facebook.com\/profile.php?id=61572723359207&#038;mibextid=wwXIfr&#8221; _builder_version=&#8221;4.27.4&#8243; _module_preset=&#8221;default&#8221; global_colors_info=&#8221;{}&#8221; follow_button=&#8221;off&#8221; url_new_window=&#8221;on&#8221;]facebook[\/et_pb_social_media_follow_network][et_pb_social_media_follow_network social_network=&#8221;instagram&#8221; url=&#8221;https:\/\/www.instagram.com\/ccism_persian_school?igsh=MXZ5ajUzb3d0eDFqMA%3D%3D&#038;utm_source=qr&#8221; _builder_version=&#8221;4.27.5&#8243; _module_preset=&#8221;default&#8221; global_colors_info=&#8221;{}&#8221; follow_button=&#8221;off&#8221; url_new_window=&#8221;on&#8221;]instagram[\/et_pb_social_media_follow_network][\/et_pb_social_media_follow][\/et_pb_column][\/et_pb_row][et_pb_row _builder_version=&#8221;4.25.1&#8243; _module_preset=&#8221;default&#8221; global_colors_info=&#8221;{}&#8221;][et_pb_column type=&#8221;4_4&#8243; _builder_version=&#8221;4.25.1&#8243; _module_preset=&#8221;default&#8221; global_colors_info=&#8221;{}&#8221;][et_pb_text _builder_version=&#8221;4.27.4&#8243; _dynamic_attributes=&#8221;content&#8221; _module_preset=&#8221;555c4aeb-e47b-4948-81b7-f0fbdfb357e6&#8243; text_text_color=&#8221;rgba(255,255,255,0.5)&#8221; link_text_color=&#8221;#8800ff&#8221; text_orientation=&#8221;center&#8221; global_colors_info=&#8221;{}&#8221;]@ET-DC@eyJkeW5hbWljIjp0cnVlLCJjb250ZW50IjoiY3VycmVudF9kYXRlIiwic2V0dGluZ3MiOnsiYmVmb3JlIjoiQ29weXJpZ2h0ICZjb3B5OyAiLCJhZnRlciI6IiBDSU0uIEFsbCBSaWdodHMgUmVzZXJ2ZWQuIiwiZGF0ZV9mb3JtYXQiOiJjdXN0b20iLCJjdXN0b21fZGF0ZV9mb3JtYXQiOiJZIn19@[\/et_pb_text][\/et_pb_column][\/et_pb_row][et_pb_row _builder_version=&#8221;4.25.1&#8243; _module_preset=&#8221;default&#8221; custom_padding=&#8221;0px||12px|||&#8221; global_colors_info=&#8221;{}&#8221;][et_pb_column type=&#8221;4_4&#8243; _builder_version=&#8221;4.25.1&#8243; _module_preset=&#8221;default&#8221; global_colors_info=&#8221;{}&#8221;][et_pb_text _builder_version=&#8221;4.27.4&#8243; _module_preset=&#8221;default&#8221; link_option_url=&#8221;https:\/\/studiometa.ca&#8221; global_colors_info=&#8221;{}&#8221;]<\/p>\n<p style=\"text-align: center;\">Design and develop by <span style=\"color: #d66b00;\">StudioMeta<\/span><\/p>\n<p>[\/et_pb_text][\/et_pb_column][\/et_pb_row][\/et_pb_section]<\/p>\n","protected":false},"excerpt":{"rendered":"<p>\u0627\u0637\u0644\u0627\u0639\u0627\u062a \u062a\u0645\u0627\u0633514-797-6344 :\u0634\u0641\u06cc\u0642\u06cc514-884-2015 :\u0631\u062c\u0628\u06ccDesign and develop by StudioMeta<\/p>","protected":false},"author":1,"featured_media":0,"parent":0,"menu_order":0,"comment_status":"closed","ping_status":"closed","template":"","meta":{"nf_dc_page":"","_et_pb_use_builder":"on","_et_pb_old_content":"","_et_gb_content_width":"","footnotes":""},"class_list":["post-337","page","type-page","status-publish","hentry"],"yoast_head":"<!-- This site is optimized with the Yoast SEO plugin v27.5 - https:\/\/yoast.com\/product\/yoast-seo-wordpress\/ -->\n<title>\u00c9cole de Farsi de la Rive-Sud | Cours de persan \u00e0 Montr\u00e9al<\/title>\n<meta name=\"description\" content=\"\u00c9cole de Farsi de la Rive-Sud offre des cours de langue persane (Farsi) pour enfants et adolescents sur la Rive-Sud de Montr\u00e9al. Programme structur\u00e9, environnement \u00e9ducatif et stimulant.\" \/>\n<meta name=\"robots\" content=\"index, follow, max-snippet:-1, max-image-preview:large, max-video-preview:-1\" \/>\n<link rel=\"canonical\" href=\"https:\/\/rds-persian.ca\/fr\/gallery\/\" \/>\n<meta property=\"og:locale\" content=\"fr_CA\" \/>\n<meta property=\"og:type\" content=\"article\" \/>\n<meta property=\"og:title\" content=\"\u00c9cole de Farsi de la Rive-Sud | Cours de persan \u00e0 Montr\u00e9al\" \/>\n<meta property=\"og:description\" content=\"\u00c9cole de Farsi de la Rive-Sud offre des cours de langue persane (Farsi) pour enfants et adolescents sur la Rive-Sud de Montr\u00e9al. Programme structur\u00e9, environnement \u00e9ducatif et stimulant.\" \/>\n<meta property=\"og:url\" content=\"https:\/\/rds-persian.ca\/fr\/gallery\/\" \/>\n<meta property=\"og:site_name\" content=\"\u00c9cole de Farsi de la Rive-Sud\" \/>\n<meta property=\"article:publisher\" content=\"https:\/\/www.facebook.com\/profile.php?id=61572723359207&amp;mibextid=wwXIfr\" \/>\n<meta property=\"article:modified_time\" content=\"2026-02-25T02:56:29+00:00\" \/>\n<meta property=\"og:image\" content=\"https:\/\/i0.wp.com\/rds-persian.ca\/wp-content\/uploads\/2026\/02\/screencapture-rds-persian-ca-fa-2026-02-27-22_55_52-scaled.png?fit=1252%2C2560&ssl=1\" \/>\n\t<meta property=\"og:image:width\" content=\"1252\" \/>\n\t<meta property=\"og:image:height\" content=\"2560\" \/>\n\t<meta property=\"og:image:type\" content=\"image\/png\" \/>\n<meta name=\"twitter:card\" content=\"summary_large_image\" \/>\n<meta name=\"twitter:label1\" content=\"Estimation du temps de lecture\" \/>\n\t<meta name=\"twitter:data1\" content=\"3 minutes\" \/>\n<script type=\"application\/ld+json\" class=\"yoast-schema-graph\">{\"@context\":\"https:\\\/\\\/schema.org\",\"@graph\":[{\"@type\":\"WebPage\",\"@id\":\"https:\\\/\\\/rds-persian.ca\\\/gallery\\\/\",\"url\":\"https:\\\/\\\/rds-persian.ca\\\/gallery\\\/\",\"name\":\"\u00c9cole de Farsi de la Rive-Sud | Cours de persan \u00e0 Montr\u00e9al\",\"isPartOf\":{\"@id\":\"https:\\\/\\\/rds-persian.ca\\\/#website\"},\"datePublished\":\"2026-02-04T04:22:16+00:00\",\"dateModified\":\"2026-02-25T02:56:29+00:00\",\"description\":\"\u00c9cole de Farsi de la Rive-Sud offre des cours de langue persane (Farsi) pour enfants et adolescents sur la Rive-Sud de Montr\u00e9al. Programme structur\u00e9, environnement \u00e9ducatif et stimulant.\",\"breadcrumb\":{\"@id\":\"https:\\\/\\\/rds-persian.ca\\\/gallery\\\/#breadcrumb\"},\"inLanguage\":\"fr-CA\",\"potentialAction\":[{\"@type\":\"ReadAction\",\"target\":[\"https:\\\/\\\/rds-persian.ca\\\/gallery\\\/\"]}]},{\"@type\":\"BreadcrumbList\",\"@id\":\"https:\\\/\\\/rds-persian.ca\\\/gallery\\\/#breadcrumb\",\"itemListElement\":[{\"@type\":\"ListItem\",\"position\":1,\"name\":\"Home\",\"item\":\"https:\\\/\\\/rds-persian.ca\\\/fa\\\/\"},{\"@type\":\"ListItem\",\"position\":2,\"name\":\"\u06af\u0627\u0644\u0631\u06cc\"}]},{\"@type\":\"WebSite\",\"@id\":\"https:\\\/\\\/rds-persian.ca\\\/#website\",\"url\":\"https:\\\/\\\/rds-persian.ca\\\/\",\"name\":\"\u00c9cole de Farsi de la Rive-Sud\",\"description\":\"\u062c\u0627\u06cc\u06cc \u0628\u0631\u0627\u06cc \u06cc\u0627\u062f\u06af\u06cc\u0631\u06cc \u0632\u0628\u0627\u0646 \u0641\u0627\u0631\u0633\u06cc \u0648 \u0641\u0631\u0647\u0646\u06af \u0627\u06cc\u0631\u0627\u0646\u06cc \u062f\u0631 \u0642\u0644\u0628 \u0645\u0648\u0646\u062a\u0631\u0627\u0644\",\"publisher\":{\"@id\":\"https:\\\/\\\/rds-persian.ca\\\/#organization\"},\"alternateName\":\"\u0645\u062f\u0631\u0633\u0647 \u0641\u0627\u0631\u0633\u06cc \u062c\u0646\u0648\u0628 \u0645\u0648\u0646\u062a\u0631\u0627\u0644\",\"potentialAction\":[{\"@type\":\"SearchAction\",\"target\":{\"@type\":\"EntryPoint\",\"urlTemplate\":\"https:\\\/\\\/rds-persian.ca\\\/?s={search_term_string}\"},\"query-input\":{\"@type\":\"PropertyValueSpecification\",\"valueRequired\":true,\"valueName\":\"search_term_string\"}}],\"inLanguage\":\"fr-CA\"},{\"@type\":\"Organization\",\"@id\":\"https:\\\/\\\/rds-persian.ca\\\/#organization\",\"name\":\"\u00c9cole de Farsi de la Rive-Sud\",\"alternateName\":\"\u0645\u062f\u0631\u0633\u0647 \u0641\u0627\u0631\u0633\u06cc \u062c\u0646\u0648\u0628 \u0645\u0648\u0646\u062a\u0631\u0627\u0644\",\"url\":\"https:\\\/\\\/rds-persian.ca\\\/\",\"logo\":{\"@type\":\"ImageObject\",\"inLanguage\":\"fr-CA\",\"@id\":\"https:\\\/\\\/rds-persian.ca\\\/#\\\/schema\\\/logo\\\/image\\\/\",\"url\":\"https:\\\/\\\/i0.wp.com\\\/rds-persian.ca\\\/wp-content\\\/uploads\\\/2026\\\/02\\\/Ecole-de-Farsi.webp?fit=449%2C417&ssl=1\",\"contentUrl\":\"https:\\\/\\\/i0.wp.com\\\/rds-persian.ca\\\/wp-content\\\/uploads\\\/2026\\\/02\\\/Ecole-de-Farsi.webp?fit=449%2C417&ssl=1\",\"width\":449,\"height\":417,\"caption\":\"\u00c9cole de Farsi de la Rive-Sud\"},\"image\":{\"@id\":\"https:\\\/\\\/rds-persian.ca\\\/#\\\/schema\\\/logo\\\/image\\\/\"},\"sameAs\":[\"https:\\\/\\\/www.facebook.com\\\/profile.php?id=61572723359207&mibextid=wwXIfr\"]}]}<\/script>\n<!-- \/ Yoast SEO plugin. -->","yoast_head_json":{"title":"\u00c9cole de Farsi de la Rive-Sud | Cours de persan \u00e0 Montr\u00e9al","description":"\u00c9cole de Farsi de la Rive-Sud offre des cours de langue persane (Farsi) pour enfants et adolescents sur la Rive-Sud de Montr\u00e9al. Programme structur\u00e9, environnement \u00e9ducatif et stimulant.","robots":{"index":"index","follow":"follow","max-snippet":"max-snippet:-1","max-image-preview":"max-image-preview:large","max-video-preview":"max-video-preview:-1"},"canonical":"https:\/\/rds-persian.ca\/fr\/gallery\/","og_locale":"fr_CA","og_type":"article","og_title":"\u00c9cole de Farsi de la Rive-Sud | Cours de persan \u00e0 Montr\u00e9al","og_description":"\u00c9cole de Farsi de la Rive-Sud offre des cours de langue persane (Farsi) pour enfants et adolescents sur la Rive-Sud de Montr\u00e9al. Programme structur\u00e9, environnement \u00e9ducatif et stimulant.","og_url":"https:\/\/rds-persian.ca\/fr\/gallery\/","og_site_name":"\u00c9cole de Farsi de la Rive-Sud","article_publisher":"https:\/\/www.facebook.com\/profile.php?id=61572723359207&mibextid=wwXIfr","article_modified_time":"2026-02-25T02:56:29+00:00","og_image":[{"width":1252,"height":2560,"url":"https:\/\/i0.wp.com\/rds-persian.ca\/wp-content\/uploads\/2026\/02\/screencapture-rds-persian-ca-fa-2026-02-27-22_55_52-scaled.png?fit=1252%2C2560&ssl=1","type":"image\/png"}],"twitter_card":"summary_large_image","twitter_misc":{"Estimation du temps de lecture":"3 minutes"},"schema":{"@context":"https:\/\/schema.org","@graph":[{"@type":"WebPage","@id":"https:\/\/rds-persian.ca\/gallery\/","url":"https:\/\/rds-persian.ca\/gallery\/","name":"\u00c9cole de Farsi de la Rive-Sud | Cours de persan \u00e0 Montr\u00e9al","isPartOf":{"@id":"https:\/\/rds-persian.ca\/#website"},"datePublished":"2026-02-04T04:22:16+00:00","dateModified":"2026-02-25T02:56:29+00:00","description":"\u00c9cole de Farsi de la Rive-Sud offre des cours de langue persane (Farsi) pour enfants et adolescents sur la Rive-Sud de Montr\u00e9al. Programme structur\u00e9, environnement \u00e9ducatif et stimulant.","breadcrumb":{"@id":"https:\/\/rds-persian.ca\/gallery\/#breadcrumb"},"inLanguage":"fr-CA","potentialAction":[{"@type":"ReadAction","target":["https:\/\/rds-persian.ca\/gallery\/"]}]},{"@type":"BreadcrumbList","@id":"https:\/\/rds-persian.ca\/gallery\/#breadcrumb","itemListElement":[{"@type":"ListItem","position":1,"name":"Home","item":"https:\/\/rds-persian.ca\/fa\/"},{"@type":"ListItem","position":2,"name":"\u06af\u0627\u0644\u0631\u06cc"}]},{"@type":"WebSite","@id":"https:\/\/rds-persian.ca\/#website","url":"https:\/\/rds-persian.ca\/","name":"\u00c9cole de Farsi de la Rive-Sud","description":"\u062c\u0627\u06cc\u06cc \u0628\u0631\u0627\u06cc \u06cc\u0627\u062f\u06af\u06cc\u0631\u06cc \u0632\u0628\u0627\u0646 \u0641\u0627\u0631\u0633\u06cc \u0648 \u0641\u0631\u0647\u0646\u06af \u0627\u06cc\u0631\u0627\u0646\u06cc \u062f\u0631 \u0642\u0644\u0628 \u0645\u0648\u0646\u062a\u0631\u0627\u0644","publisher":{"@id":"https:\/\/rds-persian.ca\/#organization"},"alternateName":"\u0645\u062f\u0631\u0633\u0647 \u0641\u0627\u0631\u0633\u06cc \u062c\u0646\u0648\u0628 \u0645\u0648\u0646\u062a\u0631\u0627\u0644","potentialAction":[{"@type":"SearchAction","target":{"@type":"EntryPoint","urlTemplate":"https:\/\/rds-persian.ca\/?s={search_term_string}"},"query-input":{"@type":"PropertyValueSpecification","valueRequired":true,"valueName":"search_term_string"}}],"inLanguage":"fr-CA"},{"@type":"Organization","@id":"https:\/\/rds-persian.ca\/#organization","name":"\u00c9cole de Farsi de la Rive-Sud","alternateName":"\u0645\u062f\u0631\u0633\u0647 \u0641\u0627\u0631\u0633\u06cc \u062c\u0646\u0648\u0628 \u0645\u0648\u0646\u062a\u0631\u0627\u0644","url":"https:\/\/rds-persian.ca\/","logo":{"@type":"ImageObject","inLanguage":"fr-CA","@id":"https:\/\/rds-persian.ca\/#\/schema\/logo\/image\/","url":"https:\/\/i0.wp.com\/rds-persian.ca\/wp-content\/uploads\/2026\/02\/Ecole-de-Farsi.webp?fit=449%2C417&ssl=1","contentUrl":"https:\/\/i0.wp.com\/rds-persian.ca\/wp-content\/uploads\/2026\/02\/Ecole-de-Farsi.webp?fit=449%2C417&ssl=1","width":449,"height":417,"caption":"\u00c9cole de Farsi de la Rive-Sud"},"image":{"@id":"https:\/\/rds-persian.ca\/#\/schema\/logo\/image\/"},"sameAs":["https:\/\/www.facebook.com\/profile.php?id=61572723359207&mibextid=wwXIfr"]}]}},"jetpack_sharing_enabled":true,"_links":{"self":[{"href":"https:\/\/rds-persian.ca\/fr\/wp-json\/wp\/v2\/pages\/337","targetHints":{"allow":["GET"]}}],"collection":[{"href":"https:\/\/rds-persian.ca\/fr\/wp-json\/wp\/v2\/pages"}],"about":[{"href":"https:\/\/rds-persian.ca\/fr\/wp-json\/wp\/v2\/types\/page"}],"author":[{"embeddable":true,"href":"https:\/\/rds-persian.ca\/fr\/wp-json\/wp\/v2\/users\/1"}],"replies":[{"embeddable":true,"href":"https:\/\/rds-persian.ca\/fr\/wp-json\/wp\/v2\/comments?post=337"}],"version-history":[{"count":4,"href":"https:\/\/rds-persian.ca\/fr\/wp-json\/wp\/v2\/pages\/337\/revisions"}],"predecessor-version":[{"id":501,"href":"https:\/\/rds-persian.ca\/fr\/wp-json\/wp\/v2\/pages\/337\/revisions\/501"}],"wp:attachment":[{"href":"https:\/\/rds-persian.ca\/fr\/wp-json\/wp\/v2\/media?parent=337"}],"curies":[{"name":"wp","href":"https:\/\/api.w.org\/{rel}","templated":true}]}}